{"id":3543,"date":"2023-04-02T13:55:03","date_gmt":"2023-04-02T11:55:03","guid":{"rendered":"https:\/\/stephtout.com\/?page_id=3543"},"modified":"2023-07-20T14:27:24","modified_gmt":"2023-07-20T12:27:24","slug":"qui-suis-je","status":"publish","type":"page","link":"https:\/\/stephtout.com\/en\/qui-suis-je\/","title":{"rendered":"Who am I?"},"content":{"rendered":"<section class=\"wpb-content-wrapper\"><p>[vc_row full_width=&#8221;stretch_row&#8221; full_height=&#8221;yes&#8221; css_animation=&#8221;fadeIn&#8221; css=&#8221;.vc_custom_1681390848984{margin-bottom: 10px !important;background-image: url(https:\/\/stephtout.com\/wp-content\/uploads\/2023\/03\/82c.jpg?id=3264) !important;background-position: center !important;background-repeat: no-repeat !important;background-size: cover !important;}&#8221;][vc_column width=&#8221;1\/2&#8243;][vc_column_text]<\/p>\n<h1 style=\"text-align: left;\"><span style=\"color: #ffffff;\">Stephtout<\/span><\/h1>\n<p>&nbsp;<\/p>\n<h2 style=\"text-align: left;\"><span style=\"color: white;\">Painter, Collagist, Drawer, Photographer and Sculptor<\/span><\/h2>\n<p>&nbsp;<\/p>\n<h3 style=\"text-align: left;\"><span style=\"color: white;\">Morbihan (56), Brittany Region, France<\/span><\/h3>\n<p>[\/vc_column_text][\/vc_column][vc_column width=&#8221;1\/2&#8243;][\/vc_column][\/vc_row][vc_row css_animation=&#8221;fadeInUp&#8221;][vc_column][vc_single_image image=&#8221;3575&#8243; img_size=&#8221;full&#8221;][vc_column_text]<\/p>\n<h4>\u00ab I \u00bb<br \/>\nOf shadow and light<br \/>\nAttitude<br \/>\nExcessive<br \/>\nEphemeral and eternal<br \/>\nWith an amused look<br \/>\nof silence<\/h4>\n<p>[\/vc_column_text][vc_column_text]<\/p>\n<p class=\"big-paragraph\"><strong>&#8211; Stephtout<\/strong><\/p>\n<p>[\/vc_column_text][\/vc_column][\/vc_row][vc_row full_width=&#8221;stretch_row&#8221; css_animation=&#8221;fadeInUp&#8221; css=&#8221;.vc_custom_1681907252910{background-color: #f3f3f3 !important;}&#8221;][vc_column][vc_column_text]<\/p>\n<h4>A little, a lot, passionately !<\/h4>\n<p>In 1999, it was at the small chapel of Saint-Michel de Locmariaquer, at the entrance to the Gulf of Morbihan in southern Brittany, that she exhibited for the first time. &#8220;self-taught&#8221;, she humbly specifies, without knowing that she has just struck the first match that will project her, out of her shadow, into the uncertain, unfaithful world of Painting, exposed in full light to sepsis. of those, stricken with agnosia, who believe they possess the Pictorial Art and know only the poor rudiments of it.<br \/>\nToday, Stephtout paints, again, and again, and again&#8230; carried away by an unfailing enthusiasm, by an inspiration that she takes, picks, mows, steals, smells with all her being before expiring it on the canvas like the exhalation of perfumes and scents of multiple colors issued from each fiber of his exalted body. In his confident hands, the brushes are subjected to the test of the fire of creativity, powerless to master this intense inferno, won over by this demonic instinct of divinatory jubilation. Unending.[\/vc_column_text][\/vc_column][\/vc_row][vc_row css_animation=&#8221;fadeInUp&#8221;][vc_column][vc_single_image image=&#8221;3575&#8243; img_size=&#8221;full&#8221;][vc_column_text]<\/p>\n<h4 class=\"big-paragraph\">Each achievement resuscitates a privileged moment of intense and unique emotion. I present to you this vision imbued with beauty, truth and strength.<\/h4>\n<p>[\/vc_column_text][vc_column_text]<\/p>\n<p class=\"big-paragraph\"><strong>&#8211; Stephtout<\/strong><\/p>\n<p>[\/vc_column_text][\/vc_column][\/vc_row][vc_row full_width=&#8221;stretch_row&#8221; css_animation=&#8221;fadeInUp&#8221; css=&#8221;.vc_custom_1681907285378{background-color: #f3f3f3 !important;}&#8221;][vc_column][vc_column_text]<\/p>\n<h4>Atypical \u201cunclassifiable\u201d painter<\/h4>\n<p>There is in each of his paintings, a romantic lyricism expressed like a cantata whose voices would rise in tune with the tear to then vanish on a single note. This Finist\u00e8re, proud of it, draws from the earth, water, fire, wind, the very symbolism of the Triskel of her Breton land, materials to express herself and ignite.<br \/>\nShe creates according to her inspiration, her &#8220;flashes&#8221;, her moods. She touches everything and succeeds in everything she touches. Each of his creations is an innovation, an exclusivity, the expression of an unfulfilled passion. Everyone can draw water from this inexhaustible source.<br \/>\nYes, it is undeniable, unavoidable, indisputable, Stephtout is now part of the global artistic landscape.[\/vc_column_text][\/vc_column][\/vc_row][vc_row css_animation=&#8221;fadeInUp&#8221;][vc_column][vc_single_image image=&#8221;3575&#8243; img_size=&#8221;full&#8221;][vc_column_text]<\/p>\n<h4 class=\"big-paragraph\">They look like satellites orbiting in the same system. His art is part of the Stephtout galaxy! A microcosm that gives pride of place to the &#8220;I&#8221; of his mythology as an artist.<\/h4>\n<p>[\/vc_column_text][vc_column_text]<\/p>\n<p class=\"big-paragraph\"><strong>&#8211; Jean-Louis Avril , Univers des Arts<\/strong><\/p>\n<p>[\/vc_column_text][\/vc_column][\/vc_row][vc_row full_width=&#8221;stretch_row&#8221; css_animation=&#8221;fadeInUp&#8221; css=&#8221;.vc_custom_1681907312752{background-color: #f3f3f3 !important;}&#8221;][vc_column][vc_column_text]<\/p>\n<h4>Photographer<\/h4>\n<p>In search of innovative sensations, curious, always on the lookout for the picturesque, for a revealing click, Stephtout took up photography, mastering the lens with, again, a rare mastery, a sense of shadows and lights, depth of field, work on the material of remarkable quality, revealing through the image an impressive artistic visual sensitivity and acuity.[\/vc_column_text][\/vc_column][\/vc_row][vc_row css_animation=&#8221;fadeInUp&#8221;][vc_column][vc_single_image image=&#8221;3575&#8243; img_size=&#8221;full&#8221;][vc_column_text]<\/p>\n<h4 class=\"big-paragraph\"><strong>Avant-garde photographer or artist, there is no reason to believe in a possible reconversion, far from it, painter with brushes, with all his soul and all his being&#8230;<\/strong><\/h4>\n<p>[\/vc_column_text][vc_column_text]<\/p>\n<p class=\"big-paragraph\"><strong>&#8211;\u00a0 Th\u00e9r\u00e8se Trannoy-Le Brun, Freelance writer, Excerpt &#8220;\u00c9bauche d\u2019une biographie&#8221;<\/strong><\/p>\n<p>[\/vc_column_text][\/vc_column][\/vc_row][vc_row full_width=&#8221;stretch_row&#8221; css_animation=&#8221;fadeInUp&#8221; css=&#8221;.vc_custom_1681907342585{background-color: #f3f3f3 !important;}&#8221;][vc_column][vc_column_text]<\/p>\n<h4>Actress<\/h4>\n<p><strong>Free, an artist, passionate&#8230;<\/strong><br \/>\nOther people&#8217;s paintings don&#8217;t interest me. I don&#8217;t want to be influenced. I want to keep my ability to create intact. I do group exhibitions sometimes, but the other paintings, I don&#8217;t want to see them. I do not want. It&#8217;s done so quickly. Someone is painting something. This thing is nice. A week later, everyone starts painting stuff like that. It&#8217;s becoming fashionable. I hate fashion.<br \/>\nNo I&#8217;m free. Painting is simple, it&#8217;s easy. I&#8217;m not looking for anything. I don&#8217;t think. No need. I have no more head. It&#8217;s here. It just comes. It&#8217;s obvious. It is not said, it is not sought, it is painted.<br \/>\nI don&#8217;t do anything extraordinary. I may not be making this up, but I don&#8217;t want to know. Let me express myself in peace.<br \/>\nPlenitude, carelessness, serenity, humility&#8230;only happiness!<br \/>\nCreation is a path, and in this path, I advance, I advance. Only.<br \/>\nI&#8217;m going to make a confession to you: in my life before, I was very square, reasonable, orderly, no doubt rigid&#8230;Since I&#8217;ve been painting, I&#8217;ve been unpredictable, messy, things go wild, all over the place&#8230;And it&#8217;s good like this.<br \/>\nPainting is something that will not be taken away from me.[\/vc_column_text][\/vc_column][\/vc_row][vc_row css_animation=&#8221;fadeInUp&#8221;][vc_column][vc_single_image image=&#8221;3575&#8243; img_size=&#8221;full&#8221;][vc_column_text]<\/p>\n<h4>News from M.A.C (Museum of Contemporary Art) \u2013 Theater \u2013<br \/>\nStephtout joins the \u201cVinogen\u201d Company<\/h4>\n<p>[\/vc_column_text][vc_column_text]<\/p>\n<p class=\"big-paragraph\"><strong>&#8211; Armel Mandart<\/strong><\/p>\n<p>[\/vc_column_text][\/vc_column][\/vc_row][vc_row full_width=&#8221;stretch_row&#8221; css_animation=&#8221;fadeInUp&#8221; css=&#8221;.vc_custom_1681907368784{background-color: #f3f3f3 !important;}&#8221;][vc_column][vc_column_text]<\/p>\n<h4>Honors and Awards<\/h4>\n<p>\u2013 Medal of the City of Brec\u2019h \/ 2020<br \/>\n\u2013 Gold Cross 2016 from the International Academy of French Merit and Dedication \/ 2016<br \/>\n\u2013 Vermeil Medal 2015 from the European Institute of Contemporary Arts \/ 2015<br \/>\n\u2013 Rubens International Art Prize \u2013 Lecce Italy \/ 2015<br \/>\n\u2013 Gold Medal and Trophy \u2013 S.P.A.F and Grenier des Artistes Saint-Malo \/ 2015<br \/>\n\u2013 Vermeil Medal of the Academic Society \u201cArts-Sciences-Lettres\u201d Paris \/ 2014<br \/>\n\u2013 Member of the European Institute of Contemporary Arts \/ 2014<br \/>\n\u2013 Medal of the City of Pluvigner \/ 2013<br \/>\n\u2013 Vermeil Cross of Merit and French Devotion \u2013 Art \/ 2007<br \/>\n\u2013 Academic Commander \u2013 International Academy \u00bb Greci-Marino \u00bb Verbano Academy of Letters, Arts and Sciences Italy \/ 2007<br \/>\n\u2013 \u201cConfirmed Talents\u201d Winner of the Grand Prix of French and Foreign Distinctions \/ 2007<br \/>\n\u2013 Grand Gold Medal of French Cultural Merit \/ 2006<br \/>\n\u2013 Accademico di Santarita ad Honorem per l\u2019ordine Arti \u201cMichelangelo Buonarroti\u201d \/ 2006<br \/>\n\u2013 Medal of the City of Locmariaquer \/ 2005<br \/>\n\u2013 Vermeil Medal of French Cultural Solidarity \/ 2004[\/vc_column_text][\/vc_column][\/vc_row]<\/p>\n<\/section>","protected":false},"excerpt":{"rendered":"<p>[vc_row full_width=&#8221;stretch_row&#8221; full_height=&#8221;yes&#8221; css_animation=&#8221;fadeIn&#8221; css=&#8221;.vc_custom_1681390848984{margin-bottom: 10px !important;background-image: url(https:\/\/stephtout.com\/wp-content\/uploads\/2023\/03\/82c.jpg?id=3264) !important;background-position: center !important;background-repeat: no-repeat !important;background-size: cover !important;}&#8221;][vc_column width=&#8221;1\/2&#8243;][vc_column_text] Stephtout &nbsp; Painter, Collagist, Drawer, Photographer and Sculptor &nbsp; Morbihan (56), Brittany Region, France [\/vc_column_text][\/vc_column][vc_column width=&#8221;1\/2&#8243;][\/vc_column][\/vc_row][vc_row css_animation=&#8221;fadeInUp&#8221;][vc_column][vc_single_image image=&#8221;3575&#8243; img_size=&#8221;full&#8221;][vc_column_text] \u00ab I \u00bb Of shadow and light Attitude Excessive Ephemeral and eternal With an amused look of silence [\/vc_column_text][vc_column_text] &#8211; [&hellip;]<\/p>\n","protected":false},"author":1,"featured_media":0,"parent":0,"menu_order":0,"comment_status":"closed","ping_status":"closed","template":"page-boxed.php","meta":[],"yoast_head":"<!-- This site is optimized with the Yoast SEO plugin v20.11 - https:\/\/yoast.com\/wordpress\/plugins\/seo\/ -->\n<title>Who am I? - Stephtout<\/title>\n<meta name=\"robots\" content=\"index, follow, max-snippet:-1, max-image-preview:large, max-video-preview:-1\" \/>\n<link rel=\"canonical\" href=\"https:\/\/stephtout.com\/qui-suis-je\/\" \/>\n<meta property=\"og:locale\" content=\"en_US\" \/>\n<meta property=\"og:type\" content=\"article\" \/>\n<meta property=\"og:title\" content=\"[:fr]Qui suis-je?[:en] Who am I?[:] - Stephtout\" \/>\n<meta property=\"og:description\" content=\"[vc_row full_width=&#8221;stretch_row&#8221; full_height=&#8221;yes&#8221; css_animation=&#8221;fadeIn&#8221; css=&#8221;.vc_custom_1681390848984{margin-bottom: 10px !important;background-image: url(https:\/\/stephtout.com\/wp-content\/uploads\/2023\/03\/82c.jpg?id=3264) !important;background-position: center !important;background-repeat: no-repeat !important;background-size: cover !important;}&#8221;][vc_column width=&#8221;1\/2&#8243;][vc_column_text] Stephtout &nbsp; Painter, Collagist, Drawer, Photographer and Sculptor &nbsp; Morbihan (56), Brittany Region, France [\/vc_column_text][\/vc_column][vc_column width=&#8221;1\/2&#8243;][\/vc_column][\/vc_row][vc_row css_animation=&#8221;fadeInUp&#8221;][vc_column][vc_single_image image=&#8221;3575&#8243; img_size=&#8221;full&#8221;][vc_column_text] \u00ab I \u00bb Of shadow and light Attitude Excessive Ephemeral and eternal With an amused look of silence [\/vc_column_text][vc_column_text] &#8211; [&hellip;]\" \/>\n<meta property=\"og:url\" content=\"https:\/\/stephtout.com\/qui-suis-je\/\" \/>\n<meta property=\"og:site_name\" content=\"Stephtout\" \/>\n<meta property=\"article:modified_time\" content=\"2023-07-20T12:27:24+00:00\" \/>\n<meta name=\"twitter:card\" content=\"summary_large_image\" \/>\n<meta name=\"twitter:label1\" content=\"Est. reading time\" \/>\n\t<meta name=\"twitter:data1\" content=\"5 minutes\" \/>\n<script type=\"application\/ld+json\" class=\"yoast-schema-graph\">{\"@context\":\"https:\/\/schema.org\",\"@graph\":[{\"@type\":\"WebPage\",\"@id\":\"https:\/\/stephtout.com\/qui-suis-je\/\",\"url\":\"https:\/\/stephtout.com\/qui-suis-je\/\",\"name\":\"[:fr]Qui suis-je?[:en] Who am I?[:] - Stephtout\",\"isPartOf\":{\"@id\":\"https:\/\/stephtout.com\/#website\"},\"datePublished\":\"2023-04-02T11:55:03+00:00\",\"dateModified\":\"2023-07-20T12:27:24+00:00\",\"inLanguage\":\"en-US\",\"potentialAction\":[{\"@type\":\"ReadAction\",\"target\":[\"https:\/\/stephtout.com\/qui-suis-je\/\"]}]},{\"@type\":\"WebSite\",\"@id\":\"https:\/\/stephtout.com\/#website\",\"url\":\"https:\/\/stephtout.com\/\",\"name\":\"Stephtout\",\"description\":\"Peintre, Collagiste, Dessinatrice, Photographe et Sculptrice - Le Morbihan (56), R\u00e9gion Bretagne, France\",\"potentialAction\":[{\"@type\":\"SearchAction\",\"target\":{\"@type\":\"EntryPoint\",\"urlTemplate\":\"https:\/\/stephtout.com\/?s={search_term_string}\"},\"query-input\":\"required name=search_term_string\"}],\"inLanguage\":\"en-US\"}]}<\/script>\n<!-- \/ Yoast SEO plugin. -->","yoast_head_json":{"title":"[:fr]Qui suis-je?[:en] Who am I?[:] - Stephtout","robots":{"index":"index","follow":"follow","max-snippet":"max-snippet:-1","max-image-preview":"max-image-preview:large","max-video-preview":"max-video-preview:-1"},"canonical":"https:\/\/stephtout.com\/qui-suis-je\/","og_locale":"en_US","og_type":"article","og_title":"[:fr]Qui suis-je?[:en] Who am I?[:] - Stephtout","og_description":"[vc_row full_width=&#8221;stretch_row&#8221; full_height=&#8221;yes&#8221; css_animation=&#8221;fadeIn&#8221; css=&#8221;.vc_custom_1681390848984{margin-bottom: 10px !important;background-image: url(https:\/\/stephtout.com\/wp-content\/uploads\/2023\/03\/82c.jpg?id=3264) !important;background-position: center !important;background-repeat: no-repeat !important;background-size: cover !important;}&#8221;][vc_column width=&#8221;1\/2&#8243;][vc_column_text] Stephtout &nbsp; Painter, Collagist, Drawer, Photographer and Sculptor &nbsp; Morbihan (56), Brittany Region, France [\/vc_column_text][\/vc_column][vc_column width=&#8221;1\/2&#8243;][\/vc_column][\/vc_row][vc_row css_animation=&#8221;fadeInUp&#8221;][vc_column][vc_single_image image=&#8221;3575&#8243; img_size=&#8221;full&#8221;][vc_column_text] \u00ab I \u00bb Of shadow and light Attitude Excessive Ephemeral and eternal With an amused look of silence [\/vc_column_text][vc_column_text] &#8211; [&hellip;]","og_url":"https:\/\/stephtout.com\/qui-suis-je\/","og_site_name":"Stephtout","article_modified_time":"2023-07-20T12:27:24+00:00","twitter_card":"summary_large_image","twitter_misc":{"Est. reading time":"5 minutes"},"schema":{"@context":"https:\/\/schema.org","@graph":[{"@type":"WebPage","@id":"https:\/\/stephtout.com\/qui-suis-je\/","url":"https:\/\/stephtout.com\/qui-suis-je\/","name":"[:fr]Qui suis-je?[:en] Who am I?[:] - Stephtout","isPartOf":{"@id":"https:\/\/stephtout.com\/#website"},"datePublished":"2023-04-02T11:55:03+00:00","dateModified":"2023-07-20T12:27:24+00:00","inLanguage":"en-US","potentialAction":[{"@type":"ReadAction","target":["https:\/\/stephtout.com\/qui-suis-je\/"]}]},{"@type":"WebSite","@id":"https:\/\/stephtout.com\/#website","url":"https:\/\/stephtout.com\/","name":"Stephtout","description":"Peintre, Collagiste, Dessinatrice, Photographe et Sculptrice - Le Morbihan (56), R\u00e9gion Bretagne, France","potentialAction":[{"@type":"SearchAction","target":{"@type":"EntryPoint","urlTemplate":"https:\/\/stephtout.com\/?s={search_term_string}"},"query-input":"required name=search_term_string"}],"inLanguage":"en-US"}]}},"_links":{"self":[{"href":"https:\/\/stephtout.com\/en\/wp-json\/wp\/v2\/pages\/3543"}],"collection":[{"href":"https:\/\/stephtout.com\/en\/wp-json\/wp\/v2\/pages"}],"about":[{"href":"https:\/\/stephtout.com\/en\/wp-json\/wp\/v2\/types\/page"}],"author":[{"embeddable":true,"href":"https:\/\/stephtout.com\/en\/wp-json\/wp\/v2\/users\/1"}],"replies":[{"embeddable":true,"href":"https:\/\/stephtout.com\/en\/wp-json\/wp\/v2\/comments?post=3543"}],"version-history":[{"count":101,"href":"https:\/\/stephtout.com\/en\/wp-json\/wp\/v2\/pages\/3543\/revisions"}],"predecessor-version":[{"id":4875,"href":"https:\/\/stephtout.com\/en\/wp-json\/wp\/v2\/pages\/3543\/revisions\/4875"}],"wp:attachment":[{"href":"https:\/\/stephtout.com\/en\/wp-json\/wp\/v2\/media?parent=3543"}],"curies":[{"name":"wp","href":"https:\/\/api.w.org\/{rel}","templated":true}]}}